{"id":2094,"date":"2015-10-17T16:27:02","date_gmt":"2015-10-17T14:27:02","guid":{"rendered":"http:\/\/www.lonesome-community.com\/sloe\/?page_id=2094"},"modified":"2024-07-12T08:59:50","modified_gmt":"2024-07-12T06:59:50","slug":"ueber-uns","status":"publish","type":"page","link":"https:\/\/www.sloedesign.de\/","title":{"rendered":"\u00dcber uns"},"content":{"rendered":"\n<figure class=\"wp-block-image size-large\"><a href=\"http:\/\/www.sloedesign.de\/wp-content\/uploads\/2024\/06\/business_cards_SLOEdesign-scaled.jpg\"><img loading=\"lazy\" decoding=\"async\" width=\"1024\" height=\"681\" src=\"http:\/\/www.sloedesign.de\/wp-content\/uploads\/2024\/06\/business_cards_SLOEdesign-1024x681.jpg\" alt=\"\" class=\"wp-image-2582\" srcset=\"https:\/\/www.sloedesign.de\/wp-content\/uploads\/2024\/06\/business_cards_SLOEdesign-1024x681.jpg 1024w, https:\/\/www.sloedesign.de\/wp-content\/uploads\/2024\/06\/business_cards_SLOEdesign-300x200.jpg 300w, https:\/\/www.sloedesign.de\/wp-content\/uploads\/2024\/06\/business_cards_SLOEdesign-768x511.jpg 768w, https:\/\/www.sloedesign.de\/wp-content\/uploads\/2024\/06\/business_cards_SLOEdesign-1536x1022.jpg 1536w, https:\/\/www.sloedesign.de\/wp-content\/uploads\/2024\/06\/business_cards_SLOEdesign-2048x1363.jpg 2048w\" sizes=\"(max-width: 1024px) 100vw, 1024px\" \/><\/a><\/figure>\n\n\n<p><em><strong>Logoentwicklung, Keyvisuals, hochwertige Printproduktionen, Social-Media, Web, Illustrationen&#8230; <\/strong><strong>das k\u00f6nnen wir. <br \/><\/strong><\/em><\/p>\n<p><span style=\"color: #333399;\"><strong>Interdisziplin\u00e4res macht uns gl\u00fccklich.<br \/>Wir fangen fl\u00fcchtige Ideen ein.<\/strong><\/span><br \/><span style=\"color: #333399;\"><strong> Sind Impulsgeber.<br \/><\/strong><\/span><span style=\"color: #333399;\"><strong>Und realisieren das Konzept, das zu Ihnen und Ihrem Projekt passt.<\/strong><\/span><\/p>\n<p>Sloedesign arbeitet Seit \u00fcber 20 Jahren an guter Gestaltung. Wir achten im Wording und in der Bildsprache auf Diversit\u00e4t, beraten zu umweltvertr\u00e4glichen und ressourcenschonenden Materialien und Ma\u00dfnahmen in der Printproduktion, der Werbetechnik und auf den Social-Media-Kan\u00e4len.<\/p>\n<p><strong> <em>&#8230; Nehmen Sie Kontakt mit uns auf!<\/em><\/strong><\/p>\n<div>Kerstin Wahl, Bachelor of cultural Design \u2013 Artdirection, Konzeption, Satz und Gestaltung<\/div>\n<div>Matthias Horn, Bachelor of Media Design \u2013 Illustrationen, Programmierung<\/div>\n<p><strong>\u00a0<\/strong><\/p>","protected":false},"excerpt":{"rendered":"<p>Logoentwicklung, Keyvisuals, hochwertige Printproduktionen, Social-Media, Web, Illustrationen&#8230; das k\u00f6nnen wir. Interdisziplin\u00e4res macht uns gl\u00fccklich.Wir fangen fl\u00fcchtige Ideen ein. Sind Impulsgeber.Und realisieren das Konzept, das zu Ihnen und Ihrem Projekt passt. Sloedesign arbeitet Seit \u00fcber 20 Jahren an guter Gestaltung. Wir achten im Wording und in der Bildsprache auf Diversit\u00e4t, beraten zu umweltvertr\u00e4glichen und ressourcenschonenden Materialien <a class=\"read-more-ellipses\" href=\"https:\/\/www.sloedesign.de\/\">&#8230;<\/a><\/p>\n","protected":false},"author":1,"featured_media":2582,"parent":0,"menu_order":0,"comment_status":"closed","ping_status":"closed","template":"","meta":{"footnotes":""},"_links":{"self":[{"href":"https:\/\/www.sloedesign.de\/index.php\/wp-json\/wp\/v2\/pages\/2094"}],"collection":[{"href":"https:\/\/www.sloedesign.de\/index.php\/wp-json\/wp\/v2\/pages"}],"about":[{"href":"https:\/\/www.sloedesign.de\/index.php\/wp-json\/wp\/v2\/types\/page"}],"author":[{"embeddable":true,"href":"https:\/\/www.sloedesign.de\/index.php\/wp-json\/wp\/v2\/users\/1"}],"replies":[{"embeddable":true,"href":"https:\/\/www.sloedesign.de\/index.php\/wp-json\/wp\/v2\/comments?post=2094"}],"version-history":[{"count":27,"href":"https:\/\/www.sloedesign.de\/index.php\/wp-json\/wp\/v2\/pages\/2094\/revisions"}],"predecessor-version":[{"id":2736,"href":"https:\/\/www.sloedesign.de\/index.php\/wp-json\/wp\/v2\/pages\/2094\/revisions\/2736"}],"wp:featuredmedia":[{"embeddable":true,"href":"https:\/\/www.sloedesign.de\/index.php\/wp-json\/wp\/v2\/media\/2582"}],"wp:attachment":[{"href":"https:\/\/www.sloedesign.de\/index.php\/wp-json\/wp\/v2\/media?parent=2094"}],"curies":[{"name":"wp","href":"https:\/\/api.w.org\/{rel}","templated":true}]}}